{"id":231,"date":"2019-10-12T12:41:51","date_gmt":"2019-10-12T10:41:51","guid":{"rendered":"https:\/\/bergcussion.com\/?page_id=231"},"modified":"2019-10-19T15:51:03","modified_gmt":"2019-10-19T13:51:03","slug":"agb","status":"publish","type":"page","link":"https:\/\/bergcussion.com\/de\/agb\/","title":{"rendered":"AGB"},"content":{"rendered":"\t\t<div data-elementor-type=\"wp-post\" data-elementor-id=\"231\" class=\"elementor elementor-231\">\n\t\t\t\t\t\t<div class=\"elementor-inner\">\n\t\t\t\t<div class=\"elementor-section-wrap\">\n\t\t\t\t\t\t\t\t\t<section class=\"elementor-section elementor-top-section elementor-element elementor-element-d0bb905 elementor-section-boxed elementor-section-height-default elementor-section-height-default\" data-id=\"d0bb905\" data-element_type=\"section\">\n\t\t\t\t\t\t<div class=\"elementor-container elementor-column-gap-default\">\n\t\t\t\t\t\t\t<div class=\"elementor-row\">\n\t\t\t\t\t<div class=\"elementor-column elementor-col-100 elementor-top-column elementor-element elementor-element-586a7a5\" data-id=\"586a7a5\" data-element_type=\"column\">\n\t\t\t<div class=\"elementor-column-wrap elementor-element-populated\">\n\t\t\t\t\t\t\t<div class=\"elementor-widget-wrap\">\n\t\t\t\t\t\t<div class=\"elementor-element elementor-element-38039d3 elementor-widget elementor-widget-heading\" data-id=\"38039d3\" data-element_type=\"widget\" data-widget_type=\"heading.default\">\n\t\t\t\t<div class=\"elementor-widget-container\">\n\t\t\t<h2 class=\"elementor-heading-title elementor-size-default\">Allgemeine Gesch\u00e4ftsbedingungen (AGB)<\/h2>\t\t<\/div>\n\t\t\t\t<\/div>\n\t\t\t\t\t\t<\/div>\n\t\t\t\t\t<\/div>\n\t\t<\/div>\n\t\t\t\t\t\t\t\t<\/div>\n\t\t\t\t\t<\/div>\n\t\t<\/section>\n\t\t\t\t<section class=\"elementor-section elementor-top-section elementor-element elementor-element-36d866f elementor-section-boxed elementor-section-height-default elementor-section-height-default\" data-id=\"36d866f\" data-element_type=\"section\">\n\t\t\t\t\t\t<div class=\"elementor-container elementor-column-gap-default\">\n\t\t\t\t\t\t\t<div class=\"elementor-row\">\n\t\t\t\t\t<div class=\"elementor-column elementor-col-100 elementor-top-column elementor-element elementor-element-de783a1\" data-id=\"de783a1\" data-element_type=\"column\">\n\t\t\t<div class=\"elementor-column-wrap elementor-element-populated\">\n\t\t\t\t\t\t\t<div class=\"elementor-widget-wrap\">\n\t\t\t\t\t\t<div class=\"elementor-element elementor-element-229ccf4 elementor-widget elementor-widget-text-editor\" data-id=\"229ccf4\" data-element_type=\"widget\" data-widget_type=\"text-editor.default\">\n\t\t\t\t<div class=\"elementor-widget-container\">\n\t\t\t\t\t\t\t\t<div class=\"elementor-text-editor elementor-clearfix\">\n\t\t\t\t<p>1. Allgemeines<\/p><p>Alle Leistungen, die vom Onlineshop bergcussion.com f\u00fcr den Kunden erbracht werden, erfolgen ausschlie\u00dflich auf der Grundlage der nachfolgenden Allgemeinen Gesch\u00e4ftsbedingungen in der beim jeweiligen Vertragsschluss g\u00fcltigen Fassung. Abweichende Regelungen haben nur dann Geltung, wenn sie zwischen Onlineshop und Kunde individuell vereinbart wurden.<\/p><p>2. Vertragsschluss<\/p><p>2.1 Die Angebote des Onlineshops bergcussion.com im Internet stellen eine unverbindliche Aufforderung an den Kunden dar, im Onlineshop Waren\/Dienstleistungen zu bestellen.<\/p><p>2.2 Durch die Bestellung der gew\u00fcnschten Waren\/Dienstleistung im Internet gibt der Kunde ein verbindliches Angebot auf Abschluss eines Kaufvertrages ab.<\/p><p>2.3 Der Onlineshop bergcussion.com best\u00e4tigt den Zugang der Bestellung unverz\u00fcglich, sp\u00e4testens\u20023 Tage nach Zugang der Bestellung. Die Bestellbest\u00e4tigung wie auch die Entgegennahme einer telefonischen Bestellung stellen noch keine rechtsgesch\u00e4ftliche Annahme unsererseits dar. Der Kunde ist jedoch h\u00f6chstens 30 Tage an sein Angebot gebunden.<\/p><p>2.4 Vertragsgegenstand ist die vom Kunden bestellte Ware\/Dienstleitung. Bez\u00fcglich der Beschaffenheit gilt die Angebotsbeschreibung, im \u00dcbrigen gilt \u00a7 434 Abs.1 Satz 3 BGB.<\/p><p>3. Widerrufsbelehrung<\/p><p>Widerrufsrecht:<\/p><p>Sie haben das Recht, binnen vierzehn Tagen ohne Angabe von Gr\u00fcnden diesen Vertrag zu widerrufen. Die Widerrufsfrist betr\u00e4gt vierzehn Tage ab dem Tag (1). Um Ihr Widerrufsrecht auszu\u00fcben, m\u00fcssen Sie uns<\/p><p>Bergcussion Bernhard Henke<\/p><div>S\u00f6llhubener Str. 10a<\/div><div>83083 Riedering<\/div><p>E-Mail: \u2002info@bergcussion.com\u2002\u2002\u2002\u2002<\/p><p>mittels einer eindeutigen Erkl\u00e4rung (z.B. ein mit der Post versandter Brief, Telefax oder E-Mail) \u00fcber Ihren Entschluss, diesen Vertrag zu widerrufen, informieren.<\/p><div>Zur Wahrung der Widerrufsfrist reicht es aus, dass Sie die Mitteilung \u00fcber die Aus\u00fcbung des Widerrufsrechts vor Ablauf der Widerrufsfrist absenden.<\/div><div>\u00a0<\/div><div><p>Folgen des Widerrufs:<\/p><p>Wenn Sie diesen Vertrag widerrufen, haben wir Ihnen alle Zahlungen, die wir von Ihnen erhalten haben, unverz\u00fcglich und sp\u00e4testens binnen vierzehn Tagen ab dem Tag zur\u00fcckzuzahlen, an dem die Mitteilung \u00fcber Ihren Widerruf dieses Vertrags bei uns eingegangen ist. F\u00fcr diese R\u00fcckzahlung verwenden wir dasselbe Zahlungsmittel, das Sie bei der urspr\u00fcnglichen Transaktion eingesetzt haben, es sei denn, mit Ihnen wurde ausdr\u00fccklich etwas anderes vereinbart; in keinem Fall werden Ihnen wegen dieser R\u00fcckzahlung Entgelte berechnet.<\/p><p>4.\u00a0 Zahlung, Eigentumsvorbehalt<\/p><p>4.1 Alle angegebenen Preise sind Bruttopreise in Euro, die die gesetzliche Mehrwertsteuer von derzeit ( 19 )% beinhalten. Es gelten die am Bestelltag g\u00fcltigen Preise. Bei Leitungen in Form von Unterricht und Workshops entf\u00e4llt die gesetzliche Mehrwertsteuer nach \u00a7 4 Satz 21a, weil der Unterricht von der Reigierung von Oberbayern anerkannt ist als Vorbereitung auf einen Musikerberuf oder auf eine vor einer juristischen Person des \u00f6ffentlichen Rechts abzulegende Pr\u00fcfung.<\/p><p>\u00a0<\/p><p>4.2 Bei Lieferung innerhalb der EU sind folgende Zahlweisen m\u00f6glich:\u00a0 Per Vorkasse, Der Kunde ist verpflichtet, den Kaufpreis per \u00dcberweisungen auf unser Konto zu zahlen. Bei Zahlung per Vorkasse erhalten Sie von uns eine ( E-Mail ) mit den genauen Rechnungsdaten. Bitte tragen Sie deshalb unbedingt Ihre E-Mail-Adresse ( und\/oder ) Ihre Telefonnummer in das Bestellformular ein, damit wir mit Ihnen in Kontakt treten k\u00f6nnen. Bitte geben Sie bei Ihrer \u00dcberweisung als Verwendungszweck Ihren Namen und die Rechnungsnummer an, damit wir Ihren Zahlungseingang der Bestellung zuordnen k\u00f6nnen.<\/p><p>4.3 Bis zur vollst\u00e4ndigen Bezahlung bleiben die gelieferten Waren unser Eigentum (Eigentumsvorbehalt nach \u00a7\u00a7158, 449 BGB). \u00dcber Zwangsvollstreckungsma\u00dfnahmen Dritter in die Vorbehaltsware hat uns der Kunde unverz\u00fcglich unter \u00dcbergabe der f\u00fcr eine Intervention notwendigen Unterlagen zu unterrichten; dies gilt auch f\u00fcr Beeintr\u00e4chtigungen sonstiger Art. Unabh\u00e4ngig davon hat der Kunde bereits im Vorhinein die Dritten auf die an der Ware bestehenden Rechte hinzuweisen.<\/p><p>4.4 R\u00fccktritt vom Kauf der Dienstleistung Drum Weekend 2020:<br \/>Bei einem R\u00fccktritt vom Kauf der Dienstleistung Drum Weekend 2020 bis zum 01.01.2020 entf\u00e4llt keine Geb\u00fchr, bis zum 31.01.2020 enf\u00e4llt eine Geb\u00fchr 50 % des Preises, danach wird der volle Preis als Geb\u00fchr einbehalten.<\/p><p>5. Gew\u00e4hrleistung<\/p><p>Ist die Nacherf\u00fcllung im Wege der Ersatzlieferung erfolgt, ist der Besteller dazu verpflichtet, die zuerst gelieferte Ware innerhalb von 30 Tagen an uns auf unsere Kosten zur\u00fcckzusenden. Die R\u00fccksendung der mangelhaften Ware hat nach den gesetzlichen Vorschriften zu erfolgen. Wir behalten uns vor, unter den gesetzlich geregelten Voraussetzungen Schadensersatz geltend zu machen.<\/p><p>6. M\u00e4ngelhaftung<\/p><p>Information zur M\u00e4ngelhaftung:\u00a0 Es gilt die gesetzliche M\u00e4ngelhaftung.<\/p><\/div><div><p>\u00a07. Datenschutz<\/p><p>Unsere Datenschutzerkl\u00e4rung ist unter <a href=\"https:\/\/bergcussion.com\/datenschutz\/\">Datenschutz<\/a> abrufbar.<br \/>\u00a0<\/p><p>8. Urheberrecht<\/p><p>Die durch die Seitenbetreiber erstellten Inhalte und Werke auf diesen Seiten unterliegen dem deutschen Urheberrecht. Die Vervielf\u00e4ltigung, Bearbeitung, Verbreitung und jede Art der Verwertung au\u00dferhalb der Grenzen des Urheberrechtes bed\u00fcrfen der schriftlichen Zustimmung des jeweiligen Autors bzw. Erstellers. Downloads und Kopien dieser Seite sind nur f\u00fcr den privaten, nicht kommerziellen Gebrauch gestattet. Soweit die Inhalte auf dieser Seite nicht vom Betreiber erstellt wurden, werden die Urheberrechte Dritter beachtet. Insbesondere werden Inhalte Dritter als solche gekennzeichnet. Sollten Sie trotzdem auf eine Urheberrechtsverletzung aufmerksam werden, bitten wir um einen entsprechenden Hinweis. Bei Bekanntwerden von Rechtsverletzungen werden wir derartige Inhalte umgehend entfernen.<\/p><p>9. Sonstiges<\/p><p>Zur Beilegung von Streitigkeiten im Online-Handel zwischen Verbraucher und H\u00e4ndler, hat die EU-Kommission eine Plattform (die sogenannte OS-Plattform) eingerichtet. Diese Plattform sowie weitere Informationen erreichen sie unter folgendem Link: http:\/\/ec.europa.eu\/consumers\/odr<\/p><p>Wir nehmen nicht an einem Streitbeilegungsverfahren vor einer Verbraucherschlichtungsstelle teil.<\/p><p>10. Inhalte und Links auf unseren Seiten<\/p><p>\u00a0Die Inhalte unserer Seiten wurden mit gr\u00f6\u00dfter Sorgfalt erstellt. F\u00fcr die Richtigkeit, Vollst\u00e4ndigkeit und Aktualit\u00e4t der Inhalte k\u00f6nnen wir jedoch keine Gew\u00e4hr \u00fcbernehmen. Als Diensteanbieter sind wir gem\u00e4\u00df \u00a7 7 Abs.1 TMG f\u00fcr eigene Inhalte auf diesen Seiten nach den allgemeinen Gesetzen verantwortlich. Nach \u00a7\u00a7 8 bis 10 TMG sind wir als Diensteanbieter jedoch nicht verpflichtet, \u00fcbermittelte oder gespeicherte fremde Informationen zu \u00fcberwachen oder nach Umst\u00e4nden zu forschen, die auf eine rechtswidrige T\u00e4tigkeit hinweisen. Verpflichtungen zur Entfernung oder Sperrung der Nutzung von Informationen nach den allgemeinen Gesetzen bleiben hiervon unber\u00fchrt. Eine diesbez\u00fcgliche Haftung ist jedoch erst ab dem Zeitpunkt der Kenntnis einer konkreten Rechtsverletzung m\u00f6glich. Bei Bekanntwerden von entsprechenden Rechtsverletzungen werden wir diese Inhalte umgehend entfernen.<\/p><p>Unser Angebot enth\u00e4lt Links zu externen Webseiten Dritter, auf deren Inhalte wir keinen Einfluss haben.<\/p><p>Wir k\u00f6nnen f\u00fcr diese fremden Inhalte also keine Gew\u00e4hr \u00fcbernehmen. F\u00fcr die Inhalte der verlinkten Seiten ist stets der jeweilige Anbieter oder Betreiber der Seiten verantwortlich.<\/p><p>Die verlinkten Seiten wurden zum Zeitpunkt der Verlinkung auf m\u00f6gliche Rechtsverst\u00f6\u00dfe \u00fcberpr\u00fcft. Rechtswidrige Inhalte waren zum Zeitpunkt der Verlinkung nicht erkennbar. Eine permanente inhaltliche Kontrolle der verlinkten Seiten ist jedoch ohne konkrete Anhaltspunkte einer Rechtsverletzung nicht zumutbar. Bei Bekanntwerden von Rechtsverletzungen werden wir derartige Links umgehend entfernen.<\/p><p>11. Schlussbestimmungen<\/p><p>Die Geltung des UN-Kaufrechts wird ausgeschlossen, es gilt deutsches Recht. Mit einer Bestellung werden die Allgemeinen Gesch\u00e4ftsbedingungen des Onlineshops anerkannt. Hat der Kunde keinen allgemeinen Gerichtsstand in Deutschland oder in einem anderen EU-Mitgliedstaat, ist ausschlie\u00dflich Gerichtsstand f\u00fcr s\u00e4mtliche Streitigkeiten aus diesem Vertrag unser Gesch\u00e4ftssitz.\u00a0<\/p><\/div><div>\u00a0<\/div>\t\t\t\t\t<\/div>\n\t\t\t\t\t\t<\/div>\n\t\t\t\t<\/div>\n\t\t\t\t\t\t<\/div>\n\t\t\t\t\t<\/div>\n\t\t<\/div>\n\t\t\t\t\t\t\t\t<\/div>\n\t\t\t\t\t<\/div>\n\t\t<\/section>\n\t\t\t\t\t\t\t\t\t<\/div>\n\t\t\t<\/div>\n\t\t\t\t\t<\/div>\n\t\t","protected":false},"excerpt":{"rendered":"<p>Allgemeine Gesch\u00e4ftsbedingungen (AGB) 1. Allgemeines Alle Leistungen, die vom Onlineshop bergcussion.com f\u00fcr den Kunden erbracht werden, erfolgen ausschlie\u00dflich auf der Grundlage der nachfolgenden Allgemeinen Gesch\u00e4ftsbedingungen in der beim jeweiligen Vertragsschluss g\u00fcltigen Fassung. Abweichende Regelungen haben nur dann Geltung, wenn sie zwischen Onlineshop und Kunde individuell vereinbart wurden. 2. Vertragsschluss 2.1 Die Angebote des Onlineshops bergcussion.com &hellip;<\/p>\n<p class=\"read-more\"> <a class=\"\" href=\"https:\/\/bergcussion.com\/de\/agb\/\"> <span class=\"screen-reader-text\">AGB<\/span> Weiterlesen &raquo;<\/a><\/p>\n","protected":false},"author":1,"featured_media":0,"parent":0,"menu_order":0,"comment_status":"closed","ping_status":"closed","template":"","meta":[],"_links":{"self":[{"href":"https:\/\/bergcussion.com\/de\/wp-json\/wp\/v2\/pages\/231"}],"collection":[{"href":"https:\/\/bergcussion.com\/de\/wp-json\/wp\/v2\/pages"}],"about":[{"href":"https:\/\/bergcussion.com\/de\/wp-json\/wp\/v2\/types\/page"}],"author":[{"embeddable":true,"href":"https:\/\/bergcussion.com\/de\/wp-json\/wp\/v2\/users\/1"}],"replies":[{"embeddable":true,"href":"https:\/\/bergcussion.com\/de\/wp-json\/wp\/v2\/comments?post=231"}],"version-history":[{"count":14,"href":"https:\/\/bergcussion.com\/de\/wp-json\/wp\/v2\/pages\/231\/revisions"}],"predecessor-version":[{"id":351,"href":"https:\/\/bergcussion.com\/de\/wp-json\/wp\/v2\/pages\/231\/revisions\/351"}],"wp:attachment":[{"href":"https:\/\/bergcussion.com\/de\/wp-json\/wp\/v2\/media?parent=231"}],"curies":[{"name":"wp","href":"https:\/\/api.w.org\/{rel}","templated":true}]}}