{"id":49,"date":"2019-08-07T10:39:23","date_gmt":"2019-08-07T08:39:23","guid":{"rendered":"https:\/\/bergcussion.com\/?page_id=49"},"modified":"2023-12-20T11:32:16","modified_gmt":"2023-12-20T09:32:16","slug":"drum-weekend-2024","status":"publish","type":"page","link":"https:\/\/bergcussion.com\/en\/drum-weekend-2024\/","title":{"rendered":"Drum Weekend 2024"},"content":{"rendered":"<div data-elementor-type=\"wp-post\" data-elementor-id=\"49\" class=\"elementor elementor-49\">\n\t\t\t\t\t\t<div class=\"elementor-inner\">\n\t\t\t\t<div class=\"elementor-section-wrap\">\n\t\t\t\t\t\t\t\t\t<section class=\"elementor-section elementor-top-section elementor-element elementor-element-011bf84 elementor-section-boxed elementor-section-height-default elementor-section-height-default\" data-id=\"011bf84\" data-element_type=\"section\">\n\t\t\t\t\t\t<div class=\"elementor-container elementor-column-gap-default\">\n\t\t\t\t\t\t\t<div class=\"elementor-row\">\n\t\t\t\t\t<div class=\"elementor-column elementor-col-100 elementor-top-column elementor-element elementor-element-ff8bded\" data-id=\"ff8bded\" data-element_type=\"column\">\n\t\t\t<div class=\"elementor-column-wrap elementor-element-populated\">\n\t\t\t\t\t\t\t<div class=\"elementor-widget-wrap\">\n\t\t\t\t\t\t<div class=\"elementor-element elementor-element-d651163 elementor-widget elementor-widget-image\" data-id=\"d651163\" data-element_type=\"widget\" data-widget_type=\"image.default\">\n\t\t\t\t<div class=\"elementor-widget-container\">\n\t\t\t\t\t\t\t\t<div class=\"elementor-image\">\n\t\t\t\t\t\t\t\t\t\t\t\t<img width=\"600\" height=\"400\" src=\"https:\/\/bergcussion.com\/wp-content\/uploads\/2021\/10\/patrick.jpg\" class=\"attachment-large size-large\" alt=\"\" loading=\"lazy\" srcset=\"https:\/\/bergcussion.com\/wp-content\/uploads\/2021\/10\/patrick.jpg 600w, https:\/\/bergcussion.com\/wp-content\/uploads\/2021\/10\/patrick-300x200.jpg 300w\" sizes=\"(max-width: 600px) 100vw, 600px\" \/>\t\t\t\t\t\t\t\t\t\t\t\t\t\t<\/div>\n\t\t\t\t\t\t<\/div>\n\t\t\t\t<\/div>\n\t\t\t\t\t\t<\/div>\n\t\t\t\t\t<\/div>\n\t\t<\/div>\n\t\t\t\t\t\t\t\t<\/div>\n\t\t\t\t\t<\/div>\n\t\t<\/section>\n\t\t\t\t<section class=\"elementor-section elementor-top-section elementor-element elementor-element-d7cc1df elementor-section-boxed elementor-section-height-default elementor-section-height-default\" data-id=\"d7cc1df\" data-element_type=\"section\">\n\t\t\t\t\t\t<div class=\"elementor-container elementor-column-gap-default\">\n\t\t\t\t\t\t\t<div class=\"elementor-row\">\n\t\t\t\t\t<div class=\"elementor-column elementor-col-100 elementor-top-column elementor-element elementor-element-0155add\" data-id=\"0155add\" data-element_type=\"column\">\n\t\t\t<div class=\"elementor-column-wrap elementor-element-populated\">\n\t\t\t\t\t\t\t<div class=\"elementor-widget-wrap\">\n\t\t\t\t\t\t<div class=\"elementor-element elementor-element-2482921 elementor-widget elementor-widget-text-editor\" data-id=\"2482921\" data-element_type=\"widget\" data-widget_type=\"text-editor.default\">\n\t\t\t\t<div class=\"elementor-widget-container\">\n\t\t\t\t\t\t\t\t<div class=\"elementor-text-editor elementor-clearfix\">\n\t\t\t\t<h3 style=\"text-align: center;\"><span style=\"color: #000000;\"><strong>Patrick Metzger &#8222;The Next Level&#8220;<\/strong><\/span><\/h3><h3 style=\"text-align: center;\"><span style=\"color: #000000;\"><strong>Alles was der moderne Pop Drummer von heute kennen und k\u00f6nnen sollte<\/strong><\/span><\/h3><h4 style=\"text-align: center;\"><strong><span style=\"color: #000000;\">5 Sessions \u00e1 120 min an 2 Tagen incl. Buch &#8222;Tools &amp; Skills&#8220; f\u00fcr 160 \u20ac<\/span><\/strong><\/h4>\t\t\t\t\t<\/div>\n\t\t\t\t\t\t<\/div>\n\t\t\t\t<\/div>\n\t\t\t\t\t\t<\/div>\n\t\t\t\t\t<\/div>\n\t\t<\/div>\n\t\t\t\t\t\t\t\t<\/div>\n\t\t\t\t\t<\/div>\n\t\t<\/section>\n\t\t\t\t<section class=\"elementor-section elementor-top-section elementor-element elementor-element-2f88923 elementor-section-boxed elementor-section-height-default elementor-section-height-default\" data-id=\"2f88923\" data-element_type=\"section\">\n\t\t\t\t\t\t<div class=\"elementor-container elementor-column-gap-default\">\n\t\t\t\t\t\t\t<div class=\"elementor-row\">\n\t\t\t\t\t<div class=\"elementor-column elementor-col-100 elementor-top-column elementor-element elementor-element-496b1c8\" data-id=\"496b1c8\" data-element_type=\"column\">\n\t\t\t<div class=\"elementor-column-wrap elementor-element-populated\">\n\t\t\t\t\t\t\t<div class=\"elementor-widget-wrap\">\n\t\t\t\t\t\t<div class=\"elementor-element elementor-element-6fb70d2 elementor-widget elementor-widget-text-editor\" data-id=\"6fb70d2\" data-element_type=\"widget\" data-widget_type=\"text-editor.default\">\n\t\t\t\t<div class=\"elementor-widget-container\">\n\t\t\t\t\t\t\t\t<div class=\"elementor-text-editor elementor-clearfix\">\n\t\t\t\t<h4 style=\"text-align: center;\"><span style=\"color: #000000;\"><strong>Ort: <span class=\"LrzXr kno-fv wHYlTd z8gr9e\">83236 <\/span>\u00dcbersee am Chiemsee<\/strong><\/span><\/h4><p><strong><span style=\"color: #000000;\">Inhalte:<br \/><\/span><span style=\"color: #000000;\">&#8211; Wie komme ich weiter ? Wie \u00fcbe ich richtig ?<br \/>&#8211; Subdivision Training mit Moving Accents und Groupings<br \/>&#8211; Basics wie Stockhaltung, Stickings, Moeller Technik und Koordination<br \/><\/span><span style=\"color: #000000;\">&#8211; Sound, Power, Geschwindigkeit und Ausdauer !<\/span><\/strong><\/p>\t\t\t\t\t<\/div>\n\t\t\t\t\t\t<\/div>\n\t\t\t\t<\/div>\n\t\t\t\t\t\t<\/div>\n\t\t\t\t\t<\/div>\n\t\t<\/div>\n\t\t\t\t\t\t\t\t<\/div>\n\t\t\t\t\t<\/div>\n\t\t<\/section>\n\t\t\t\t<section class=\"elementor-section elementor-top-section elementor-element elementor-element-601dc15 elementor-section-boxed elementor-section-height-default elementor-section-height-default\" data-id=\"601dc15\" data-element_type=\"section\">\n\t\t\t\t\t\t<div class=\"elementor-container elementor-column-gap-default\">\n\t\t\t\t\t\t\t<div class=\"elementor-row\">\n\t\t\t\t\t<div class=\"elementor-column elementor-col-50 elementor-top-column elementor-element elementor-element-2230155\" data-id=\"2230155\" data-element_type=\"column\">\n\t\t\t<div class=\"elementor-column-wrap elementor-element-populated\">\n\t\t\t\t\t\t\t<div class=\"elementor-widget-wrap\">\n\t\t\t\t\t\t<div class=\"elementor-element elementor-element-3b36a32 elementor-align-center elementor-widget elementor-widget-button\" data-id=\"3b36a32\" data-element_type=\"widget\" data-widget_type=\"button.default\">\n\t\t\t\t<div class=\"elementor-widget-container\">\n\t\t\t\t\t<div class=\"elementor-button-wrapper\">\n\t\t\t<a href=\"https:\/\/bergcussion.com\/en\/scheduledrumweekend2024\/\" class=\"elementor-button-link elementor-button elementor-size-sm\" role=\"button\">\n\t\t\t\t\t\t<span class=\"elementor-button-content-wrapper\">\n\t\t\t\t\t\t<span class=\"elementor-button-text\">Ablauf Drum Weekend<\/span>\n\t\t<\/span>\n\t\t\t\t\t<\/a>\n\t\t<\/div>\n\t\t\t\t<\/div>\n\t\t\t\t<\/div>\n\t\t\t\t\t\t<\/div>\n\t\t\t\t\t<\/div>\n\t\t<\/div>\n\t\t\t\t<div class=\"elementor-column elementor-col-50 elementor-top-column elementor-element elementor-element-2cb170c\" data-id=\"2cb170c\" data-element_type=\"column\">\n\t\t\t<div class=\"elementor-column-wrap elementor-element-populated\">\n\t\t\t\t\t\t\t<div class=\"elementor-widget-wrap\">\n\t\t\t\t\t\t<div class=\"elementor-element elementor-element-72dcf4e elementor-align-center elementor-widget elementor-widget-button\" data-id=\"72dcf4e\" data-element_type=\"widget\" data-widget_type=\"button.default\">\n\t\t\t\t<div class=\"elementor-widget-container\">\n\t\t\t\t\t<div class=\"elementor-button-wrapper\">\n\t\t\t<a href=\"https:\/\/bergcussion.com\/en\/anmeldung-drum-weekend-2024\/\" class=\"elementor-button-link elementor-button elementor-size-sm\" role=\"button\">\n\t\t\t\t\t\t<span class=\"elementor-button-content-wrapper\">\n\t\t\t\t\t\t<span class=\"elementor-button-text\">Regstration<\/span>\n\t\t<\/span>\n\t\t\t\t\t<\/a>\n\t\t<\/div>\n\t\t\t\t<\/div>\n\t\t\t\t<\/div>\n\t\t\t\t\t\t<\/div>\n\t\t\t\t\t<\/div>\n\t\t<\/div>\n\t\t\t\t\t\t\t\t<\/div>\n\t\t\t\t\t<\/div>\n\t\t<\/section>\n\t\t\t\t<section class=\"elementor-section elementor-top-section elementor-element elementor-element-288a430 elementor-section-boxed elementor-section-height-default elementor-section-height-default\" data-id=\"288a430\" data-element_type=\"section\">\n\t\t\t\t\t\t<div class=\"elementor-container elementor-column-gap-default\">\n\t\t\t\t\t\t\t<div class=\"elementor-row\">\n\t\t\t\t\t<div class=\"elementor-column elementor-col-100 elementor-top-column elementor-element elementor-element-3a32373\" data-id=\"3a32373\" data-element_type=\"column\">\n\t\t\t<div class=\"elementor-column-wrap elementor-element-populated\">\n\t\t\t\t\t\t\t<div class=\"elementor-widget-wrap\">\n\t\t\t\t\t\t<div class=\"elementor-element elementor-element-d7b6d11 elementor-widget elementor-widget-image\" data-id=\"d7b6d11\" data-element_type=\"widget\" data-widget_type=\"image.default\">\n\t\t\t\t<div class=\"elementor-widget-container\">\n\t\t\t\t\t\t\t\t<div class=\"elementor-image\">\n\t\t\t\t\t\t\t\t\t\t\t\t<img width=\"265\" height=\"87\" src=\"https:\/\/bergcussion.com\/wp-content\/uploads\/2023\/12\/Logo_Bezirk_Obb_265x87.jpg\" class=\"attachment-large size-large\" alt=\"\" loading=\"lazy\" srcset=\"https:\/\/bergcussion.com\/wp-content\/uploads\/2023\/12\/Logo_Bezirk_Obb_265x87.jpg 265w, https:\/\/bergcussion.com\/wp-content\/uploads\/2023\/12\/Logo_Bezirk_Obb_265x87-18x6.jpg 18w\" sizes=\"(max-width: 265px) 100vw, 265px\" \/>\t\t\t\t\t\t\t\t\t\t\t\t\t\t<\/div>\n\t\t\t\t\t\t<\/div>\n\t\t\t\t<\/div>\n\t\t\t\t\t\t<\/div>\n\t\t\t\t\t<\/div>\n\t\t<\/div>\n\t\t\t\t\t\t\t\t<\/div>\n\t\t\t\t\t<\/div>\n\t\t<\/section>\n\t\t\t\t\t\t\t\t\t<\/div>\n\t\t\t<\/div>\n\t\t\t\t\t<\/div>","protected":false},"excerpt":{"rendered":"<p>Patrick Metzger &#8222;The Next Level&#8220; Alles was der moderne Pop Drummer von heute kennen und k\u00f6nnen sollte 5 Sessions \u00e1 120 min an 2 Tagen incl. Buch &#8222;Tools &amp; Skills&#8220; f\u00fcr 160 \u20ac Ort: 83236 \u00dcbersee am Chiemsee Inhalte:&#8211; Wie komme ich weiter ? Wie \u00fcbe ich richtig ?&#8211; Subdivision Training mit Moving Accents und &hellip;<\/p>\n<p class=\"read-more\"> <a class=\"\" href=\"https:\/\/bergcussion.com\/en\/drum-weekend-2024\/\"> <span class=\"screen-reader-text\">Drum Weekend 2024<\/span> Read More &raquo;<\/a><\/p>","protected":false},"author":1,"featured_media":0,"parent":0,"menu_order":0,"comment_status":"closed","ping_status":"closed","template":"elementor_header_footer","meta":[],"_links":{"self":[{"href":"https:\/\/bergcussion.com\/en\/wp-json\/wp\/v2\/pages\/49"}],"collection":[{"href":"https:\/\/bergcussion.com\/en\/wp-json\/wp\/v2\/pages"}],"about":[{"href":"https:\/\/bergcussion.com\/en\/wp-json\/wp\/v2\/types\/page"}],"author":[{"embeddable":true,"href":"https:\/\/bergcussion.com\/en\/wp-json\/wp\/v2\/users\/1"}],"replies":[{"embeddable":true,"href":"https:\/\/bergcussion.com\/en\/wp-json\/wp\/v2\/comments?post=49"}],"version-history":[{"count":151,"href":"https:\/\/bergcussion.com\/en\/wp-json\/wp\/v2\/pages\/49\/revisions"}],"predecessor-version":[{"id":1299,"href":"https:\/\/bergcussion.com\/en\/wp-json\/wp\/v2\/pages\/49\/revisions\/1299"}],"wp:attachment":[{"href":"https:\/\/bergcussion.com\/en\/wp-json\/wp\/v2\/media?parent=49"}],"curies":[{"name":"wp","href":"https:\/\/api.w.org\/{rel}","templated":true}]}}